{"id":452,"date":"2024-06-07T00:02:15","date_gmt":"2024-06-07T00:02:15","guid":{"rendered":"http:\/\/lodzcrystals2.hospedagemdesites.ws\/?page_id=452"},"modified":"2024-07-25T18:45:17","modified_gmt":"2024-07-25T18:45:17","slug":"home","status":"publish","type":"page","link":"https:\/\/lodzcrystals.com.br\/","title":{"rendered":"Home"},"content":{"rendered":"\t\t<div data-elementor-type=\"wp-page\" data-elementor-id=\"452\" class=\"elementor elementor-452\">\n\t\t\t\t<div class=\"elementor-element elementor-element-6d33435 e-flex e-con-boxed e-con e-parent\" data-id=\"6d33435\" data-element_type=\"container\" data-e-type=\"container\" data-settings=\"{&quot;background_background&quot;:&quot;video&quot;,&quot;background_video_link&quot;:&quot;https:\\\/\\\/youtu.be\\\/onuAdDl17Og?si=bjrHGqGJPrpLBHpj&quot;,&quot;background_video_end&quot;:0,&quot;background_play_on_mobile&quot;:&quot;yes&quot;}\">\n\t\t\t\t\t<div class=\"e-con-inner\">\n\t\t<div class=\"elementor-background-video-container\">\n\t\t\t\t\t\t\t<div class=\"elementor-background-video-embed\" role=\"presentation\"><\/div>\n\t\t\t\t\t\t<\/div>\t\t<div class=\"elementor-element elementor-element-fedc13a elementor-hidden-desktop elementor-hidden-tablet elementor-hidden-mobile elementor-widget elementor-widget-heading\" data-id=\"fedc13a\" data-element_type=\"widget\" data-e-type=\"widget\" data-widget_type=\"heading.default\">\n\t\t\t\t<div class=\"elementor-widget-container\">\n\t\t\t\t\t<h1 class=\"elementor-heading-title elementor-size-default\">Cristais Poloneses<br>\nLapidados Artesanalmente<\/h1>\t\t\t\t<\/div>\n\t\t\t\t<\/div>\n\t\t\t\t<div class=\"elementor-element elementor-element-5271e4b elementor-align-center elementor-hidden-desktop elementor-hidden-tablet elementor-hidden-mobile elementor-widget elementor-widget-button\" data-id=\"5271e4b\" data-element_type=\"widget\" data-e-type=\"widget\" data-widget_type=\"button.default\">\n\t\t\t\t<div class=\"elementor-widget-container\">\n\t\t\t\t\t\t\t\t\t<div class=\"elementor-button-wrapper\">\n\t\t\t\t\t<a class=\"elementor-button elementor-button-link elementor-size-sm\" href=\"#\">\n\t\t\t\t\t\t<span class=\"elementor-button-content-wrapper\">\n\t\t\t\t\t\t\t\t\t<span class=\"elementor-button-text\">Conhe\u00e7a nossa linha de cristais<\/span>\n\t\t\t\t\t<\/span>\n\t\t\t\t\t<\/a>\n\t\t\t\t<\/div>\n\t\t\t\t\t\t\t\t<\/div>\n\t\t\t\t<\/div>\n\t\t\t\t\t<\/div>\n\t\t\t\t<\/div>\n\t\t<div class=\"elementor-element elementor-element-a654101 e-flex e-con-boxed e-con e-parent\" data-id=\"a654101\" data-element_type=\"container\" data-e-type=\"container\" data-settings=\"{&quot;background_background&quot;:&quot;classic&quot;}\">\n\t\t\t\t\t<div class=\"e-con-inner\">\n\t\t<div class=\"elementor-element elementor-element-bbb3b2a e-con-full e-flex e-con e-child\" data-id=\"bbb3b2a\" data-element_type=\"container\" data-e-type=\"container\">\n\t\t\t\t<\/div>\n\t\t<div class=\"elementor-element elementor-element-86bd3d3 e-con-full e-flex e-con e-child\" data-id=\"86bd3d3\" data-element_type=\"container\" data-e-type=\"container\">\n\t\t\t\t<div class=\"elementor-element elementor-element-a5acc75 elementor-widget elementor-widget-heading\" data-id=\"a5acc75\" data-element_type=\"widget\" data-e-type=\"widget\" data-widget_type=\"heading.default\">\n\t\t\t\t<div class=\"elementor-widget-container\">\n\t\t\t\t\t<h2 class=\"elementor-heading-title elementor-size-default\">Cristais Lodz<\/h2>\t\t\t\t<\/div>\n\t\t\t\t<\/div>\n\t\t<div class=\"elementor-element elementor-element-b179391 e-con-full e-flex e-con e-child\" data-id=\"b179391\" data-element_type=\"container\" data-e-type=\"container\">\n\t\t<div class=\"elementor-element elementor-element-c766d17 e-con-full e-flex e-con e-child\" data-id=\"c766d17\" data-element_type=\"container\" data-e-type=\"container\">\n\t\t\t\t<div class=\"elementor-element elementor-element-7374309 elementor-widget elementor-widget-heading\" data-id=\"7374309\" data-element_type=\"widget\" data-e-type=\"widget\" data-widget_type=\"heading.default\">\n\t\t\t\t<div class=\"elementor-widget-container\">\n\t\t\t\t\t<h3 class=\"elementor-heading-title elementor-size-default\">Hist\u00f3ria da Marca Lodz<\/h3>\t\t\t\t<\/div>\n\t\t\t\t<\/div>\n\t\t\t\t<div class=\"elementor-element elementor-element-9418beb elementor-widget elementor-widget-text-editor\" data-id=\"9418beb\" data-element_type=\"widget\" data-e-type=\"widget\" data-widget_type=\"text-editor.default\">\n\t\t\t\t<div class=\"elementor-widget-container\">\n\t\t\t\t\t\t\t\t\t<p>Em um canto encantador da Pol\u00f4nia, uma pequena cidade chamada \u0141\u00f3d\u017a viu o nascimento de uma marca que se tornaria sin\u00f4nimo de eleg\u00e2ncia e tradi\u00e7\u00e3o: a marca Lodz. Fundada em 1856, a Lodz come\u00e7ou sua jornada como uma modesta f\u00e1brica de ta\u00e7as e copos de cristal, criada por uma fam\u00edlia dedicada \u00e0 arte da cristalaria.&nbsp;<\/p>\t\t\t\t\t\t\t\t<\/div>\n\t\t\t\t<\/div>\n\t\t\t\t<\/div>\n\t\t<div class=\"elementor-element elementor-element-49ce64d e-con-full e-flex e-con e-child\" data-id=\"49ce64d\" data-element_type=\"container\" data-e-type=\"container\">\n\t\t\t\t<div class=\"elementor-element elementor-element-f789b61 elementor-widget elementor-widget-heading\" data-id=\"f789b61\" data-element_type=\"widget\" data-e-type=\"widget\" data-widget_type=\"heading.default\">\n\t\t\t\t<div class=\"elementor-widget-container\">\n\t\t\t\t\t<h2 class=\"elementor-heading-title elementor-size-default\">Um Futuro Brilhante\n<\/h2>\t\t\t\t<\/div>\n\t\t\t\t<\/div>\n\t\t\t\t<div class=\"elementor-element elementor-element-8856280 elementor-widget elementor-widget-text-editor\" data-id=\"8856280\" data-element_type=\"widget\" data-e-type=\"widget\" data-widget_type=\"text-editor.default\">\n\t\t\t\t<div class=\"elementor-widget-container\">\n\t\t\t\t\t\t\t\t\t<p>Hoje, a Lodz \u00e9 uma marca globalmente reconhecida, com uma vasta gama de produtos que v\u00e3o desde ta\u00e7as e copos de cristal at\u00e9 itens para a decora\u00e7\u00e3o e mesa posta. Cada pe\u00e7a carrega consigo a hist\u00f3ria rica e a tradi\u00e7\u00e3o da marca, ao mesmo tempo em que incorpora o design moderno e a inova\u00e7\u00e3o tecnol\u00f3gica.<\/p>\t\t\t\t\t\t\t\t<\/div>\n\t\t\t\t<\/div>\n\t\t\t\t<\/div>\n\t\t<div class=\"elementor-element elementor-element-9acfac3 e-con-full e-flex e-con e-child\" data-id=\"9acfac3\" data-element_type=\"container\" data-e-type=\"container\">\n\t\t\t\t<div class=\"elementor-element elementor-element-074c52f elementor-widget elementor-widget-heading\" data-id=\"074c52f\" data-element_type=\"widget\" data-e-type=\"widget\" data-widget_type=\"heading.default\">\n\t\t\t\t<div class=\"elementor-widget-container\">\n\t\t\t\t\t<h2 class=\"elementor-heading-title elementor-size-default\">Evolu\u00e7\u00e3o e Expans\u00e3o\n<\/h2>\t\t\t\t<\/div>\n\t\t\t\t<\/div>\n\t\t\t\t<div class=\"elementor-element elementor-element-7a368f8 elementor-widget elementor-widget-text-editor\" data-id=\"7a368f8\" data-element_type=\"widget\" data-e-type=\"widget\" data-widget_type=\"text-editor.default\">\n\t\t\t\t<div class=\"elementor-widget-container\">\n\t\t\t\t\t\t\t\t\t<p>Com o passar dos anos, a Lodz n\u00e3o se contentou em permanecer apenas no segmento de cristais. A marca come\u00e7ou a explorar novos horizontes, sempre mantendo o compromisso com a qualidade e o design refinado. A primeira grande expans\u00e3o foi para a linha de mesa posta.<\/p>\t\t\t\t\t\t\t\t<\/div>\n\t\t\t\t<\/div>\n\t\t\t\t<\/div>\n\t\t\t\t<\/div>\n\t\t\t\t<div class=\"elementor-element elementor-element-8ff92d4 elementor-align-left elementor-widget elementor-widget-button\" data-id=\"8ff92d4\" data-element_type=\"widget\" data-e-type=\"widget\" data-widget_type=\"button.default\">\n\t\t\t\t<div class=\"elementor-widget-container\">\n\t\t\t\t\t\t\t\t\t<div class=\"elementor-button-wrapper\">\n\t\t\t\t\t<a class=\"elementor-button elementor-button-link elementor-size-sm\" href=\"http:\/\/lodzcrystals2.hospedagemdesites.ws\/cristais-lodz\/\">\n\t\t\t\t\t\t<span class=\"elementor-button-content-wrapper\">\n\t\t\t\t\t\t\t\t\t<span class=\"elementor-button-text\">Conhe\u00e7a a Lodz<\/span>\n\t\t\t\t\t<\/span>\n\t\t\t\t\t<\/a>\n\t\t\t\t<\/div>\n\t\t\t\t\t\t\t\t<\/div>\n\t\t\t\t<\/div>\n\t\t\t\t<\/div>\n\t\t\t\t\t<\/div>\n\t\t\t\t<\/div>\n\t\t<div class=\"elementor-element elementor-element-b84a273 e-flex e-con-boxed e-con e-parent\" data-id=\"b84a273\" data-element_type=\"container\" data-e-type=\"container\">\n\t\t\t\t\t<div class=\"e-con-inner\">\n\t\t\t\t<div class=\"elementor-element elementor-element-5cbca45 elementor-widget elementor-widget-heading\" data-id=\"5cbca45\" data-element_type=\"widget\" data-e-type=\"widget\" data-widget_type=\"heading.default\">\n\t\t\t\t<div class=\"elementor-widget-container\">\n\t\t\t\t\t<h2 class=\"elementor-heading-title elementor-size-default\">Nossos Produtos<\/h2>\t\t\t\t<\/div>\n\t\t\t\t<\/div>\n\t\t\t\t\t<\/div>\n\t\t\t\t<\/div>\n\t\t<div class=\"elementor-element elementor-element-b8b965a e-con-full e-flex e-con e-parent\" data-id=\"b8b965a\" data-element_type=\"container\" data-e-type=\"container\">\n\t\t\t\t<div class=\"elementor-element elementor-element-c452b1f elementor-widget elementor-widget-gallery\" data-id=\"c452b1f\" data-element_type=\"widget\" data-e-type=\"widget\" data-widget_type=\"gallery.default\">\n\t\t\t\t<div class=\"elementor-widget-container\">\n\t\t\t\t\t \t\t\t\t<\/div>\n\t\t\t\t<\/div>\n\t\t\t\t<\/div>\n\t\t\t\t<\/div>\n\t\t","protected":false},"excerpt":{"rendered":"<p>Cristais Poloneses Lapidados Artesanalmente Conhe\u00e7a nossa linha de cristais Cristais Lodz Hist\u00f3ria da Marca Lodz Em um canto encantador da Pol\u00f4nia, uma pequena cidade chamada \u0141\u00f3d\u017a viu o nascimento de uma marca que se tornaria sin\u00f4nimo de eleg\u00e2ncia e tradi\u00e7\u00e3o: a marca Lodz. Fundada em 1856, a Lodz come\u00e7ou sua jornada como uma modesta f\u00e1brica [&hellip;]<\/p>\n","protected":false},"author":1,"featured_media":0,"parent":0,"menu_order":0,"comment_status":"closed","ping_status":"closed","template":"","meta":{"_acf_changed":false,"footnotes":""},"class_list":["post-452","page","type-page","status-publish","hentry"],"acf":[],"yoast_head":"<!-- This site is optimized with the Yoast SEO plugin v27.4 - https:\/\/yoast.com\/product\/yoast-seo-wordpress\/ -->\n<title>Home - Lodz<\/title>\n<meta name=\"robots\" content=\"index, follow, max-snippet:-1, max-image-preview:large, max-video-preview:-1\" \/>\n<link rel=\"canonical\" href=\"https:\/\/lodzcrystals.com.br\/\" \/>\n<meta property=\"og:locale\" content=\"pt_BR\" \/>\n<meta property=\"og:type\" content=\"article\" \/>\n<meta property=\"og:title\" content=\"Home - Lodz\" \/>\n<meta property=\"og:description\" content=\"Cristais Poloneses Lapidados Artesanalmente Conhe\u00e7a nossa linha de cristais Cristais Lodz Hist\u00f3ria da Marca Lodz Em um canto encantador da Pol\u00f4nia, uma pequena cidade chamada \u0141\u00f3d\u017a viu o nascimento de uma marca que se tornaria sin\u00f4nimo de eleg\u00e2ncia e tradi\u00e7\u00e3o: a marca Lodz. Fundada em 1856, a Lodz come\u00e7ou sua jornada como uma modesta f\u00e1brica [&hellip;]\" \/>\n<meta property=\"og:url\" content=\"https:\/\/lodzcrystals.com.br\/\" \/>\n<meta property=\"og:site_name\" content=\"Lodz\" \/>\n<meta property=\"article:modified_time\" content=\"2024-07-25T18:45:17+00:00\" \/>\n<meta name=\"twitter:card\" content=\"summary_large_image\" \/>\n<meta name=\"twitter:label1\" content=\"Est. tempo de leitura\" \/>\n\t<meta name=\"twitter:data1\" content=\"1 minuto\" \/>\n<script type=\"application\/ld+json\" class=\"yoast-schema-graph\">{\"@context\":\"https:\\\/\\\/schema.org\",\"@graph\":[{\"@type\":\"WebPage\",\"@id\":\"https:\\\/\\\/lodzcrystals.com.br\\\/\",\"url\":\"https:\\\/\\\/lodzcrystals.com.br\\\/\",\"name\":\"Home - Lodz\",\"isPartOf\":{\"@id\":\"https:\\\/\\\/lodzcrystals.com.br\\\/#website\"},\"datePublished\":\"2024-06-07T00:02:15+00:00\",\"dateModified\":\"2024-07-25T18:45:17+00:00\",\"breadcrumb\":{\"@id\":\"https:\\\/\\\/lodzcrystals.com.br\\\/#breadcrumb\"},\"inLanguage\":\"pt-BR\",\"potentialAction\":[{\"@type\":\"ReadAction\",\"target\":[\"https:\\\/\\\/lodzcrystals.com.br\\\/\"]}]},{\"@type\":\"BreadcrumbList\",\"@id\":\"https:\\\/\\\/lodzcrystals.com.br\\\/#breadcrumb\",\"itemListElement\":[{\"@type\":\"ListItem\",\"position\":1,\"name\":\"In\u00edcio\",\"item\":\"https:\\\/\\\/lodzcrystals.com.br\\\/\"},{\"@type\":\"ListItem\",\"position\":2,\"name\":\"Home\"}]},{\"@type\":\"WebSite\",\"@id\":\"https:\\\/\\\/lodzcrystals.com.br\\\/#website\",\"url\":\"https:\\\/\\\/lodzcrystals.com.br\\\/\",\"name\":\"Lodz\",\"description\":\"Cristais Poloneses Lapidados Artesanalmente\",\"publisher\":{\"@id\":\"https:\\\/\\\/lodzcrystals.com.br\\\/#organization\"},\"potentialAction\":[{\"@type\":\"SearchAction\",\"target\":{\"@type\":\"EntryPoint\",\"urlTemplate\":\"https:\\\/\\\/lodzcrystals.com.br\\\/?s={search_term_string}\"},\"query-input\":{\"@type\":\"PropertyValueSpecification\",\"valueRequired\":true,\"valueName\":\"search_term_string\"}}],\"inLanguage\":\"pt-BR\"},{\"@type\":\"Organization\",\"@id\":\"https:\\\/\\\/lodzcrystals.com.br\\\/#organization\",\"name\":\"Lodz\",\"url\":\"https:\\\/\\\/lodzcrystals.com.br\\\/\",\"logo\":{\"@type\":\"ImageObject\",\"inLanguage\":\"pt-BR\",\"@id\":\"https:\\\/\\\/lodzcrystals.com.br\\\/#\\\/schema\\\/logo\\\/image\\\/\",\"url\":\"https:\\\/\\\/lodzcrystals.com.br\\\/wp-content\\\/uploads\\\/2024\\\/06\\\/LOGO-LODZ.png\",\"contentUrl\":\"https:\\\/\\\/lodzcrystals.com.br\\\/wp-content\\\/uploads\\\/2024\\\/06\\\/LOGO-LODZ.png\",\"width\":197,\"height\":92,\"caption\":\"Lodz\"},\"image\":{\"@id\":\"https:\\\/\\\/lodzcrystals.com.br\\\/#\\\/schema\\\/logo\\\/image\\\/\"}}]}<\/script>\n<!-- \/ Yoast SEO plugin. -->","yoast_head_json":{"title":"Home - Lodz","robots":{"index":"index","follow":"follow","max-snippet":"max-snippet:-1","max-image-preview":"max-image-preview:large","max-video-preview":"max-video-preview:-1"},"canonical":"https:\/\/lodzcrystals.com.br\/","og_locale":"pt_BR","og_type":"article","og_title":"Home - Lodz","og_description":"Cristais Poloneses Lapidados Artesanalmente Conhe\u00e7a nossa linha de cristais Cristais Lodz Hist\u00f3ria da Marca Lodz Em um canto encantador da Pol\u00f4nia, uma pequena cidade chamada \u0141\u00f3d\u017a viu o nascimento de uma marca que se tornaria sin\u00f4nimo de eleg\u00e2ncia e tradi\u00e7\u00e3o: a marca Lodz. Fundada em 1856, a Lodz come\u00e7ou sua jornada como uma modesta f\u00e1brica [&hellip;]","og_url":"https:\/\/lodzcrystals.com.br\/","og_site_name":"Lodz","article_modified_time":"2024-07-25T18:45:17+00:00","twitter_card":"summary_large_image","twitter_misc":{"Est. tempo de leitura":"1 minuto"},"schema":{"@context":"https:\/\/schema.org","@graph":[{"@type":"WebPage","@id":"https:\/\/lodzcrystals.com.br\/","url":"https:\/\/lodzcrystals.com.br\/","name":"Home - Lodz","isPartOf":{"@id":"https:\/\/lodzcrystals.com.br\/#website"},"datePublished":"2024-06-07T00:02:15+00:00","dateModified":"2024-07-25T18:45:17+00:00","breadcrumb":{"@id":"https:\/\/lodzcrystals.com.br\/#breadcrumb"},"inLanguage":"pt-BR","potentialAction":[{"@type":"ReadAction","target":["https:\/\/lodzcrystals.com.br\/"]}]},{"@type":"BreadcrumbList","@id":"https:\/\/lodzcrystals.com.br\/#breadcrumb","itemListElement":[{"@type":"ListItem","position":1,"name":"In\u00edcio","item":"https:\/\/lodzcrystals.com.br\/"},{"@type":"ListItem","position":2,"name":"Home"}]},{"@type":"WebSite","@id":"https:\/\/lodzcrystals.com.br\/#website","url":"https:\/\/lodzcrystals.com.br\/","name":"Lodz","description":"Cristais Poloneses Lapidados Artesanalmente","publisher":{"@id":"https:\/\/lodzcrystals.com.br\/#organization"},"potentialAction":[{"@type":"SearchAction","target":{"@type":"EntryPoint","urlTemplate":"https:\/\/lodzcrystals.com.br\/?s={search_term_string}"},"query-input":{"@type":"PropertyValueSpecification","valueRequired":true,"valueName":"search_term_string"}}],"inLanguage":"pt-BR"},{"@type":"Organization","@id":"https:\/\/lodzcrystals.com.br\/#organization","name":"Lodz","url":"https:\/\/lodzcrystals.com.br\/","logo":{"@type":"ImageObject","inLanguage":"pt-BR","@id":"https:\/\/lodzcrystals.com.br\/#\/schema\/logo\/image\/","url":"https:\/\/lodzcrystals.com.br\/wp-content\/uploads\/2024\/06\/LOGO-LODZ.png","contentUrl":"https:\/\/lodzcrystals.com.br\/wp-content\/uploads\/2024\/06\/LOGO-LODZ.png","width":197,"height":92,"caption":"Lodz"},"image":{"@id":"https:\/\/lodzcrystals.com.br\/#\/schema\/logo\/image\/"}}]}},"_links":{"self":[{"href":"https:\/\/lodzcrystals.com.br\/index.php?rest_route=\/wp\/v2\/pages\/452","targetHints":{"allow":["GET"]}}],"collection":[{"href":"https:\/\/lodzcrystals.com.br\/index.php?rest_route=\/wp\/v2\/pages"}],"about":[{"href":"https:\/\/lodzcrystals.com.br\/index.php?rest_route=\/wp\/v2\/types\/page"}],"author":[{"embeddable":true,"href":"https:\/\/lodzcrystals.com.br\/index.php?rest_route=\/wp\/v2\/users\/1"}],"replies":[{"embeddable":true,"href":"https:\/\/lodzcrystals.com.br\/index.php?rest_route=%2Fwp%2Fv2%2Fcomments&post=452"}],"version-history":[{"count":0,"href":"https:\/\/lodzcrystals.com.br\/index.php?rest_route=\/wp\/v2\/pages\/452\/revisions"}],"wp:attachment":[{"href":"https:\/\/lodzcrystals.com.br\/index.php?rest_route=%2Fwp%2Fv2%2Fmedia&parent=452"}],"curies":[{"name":"wp","href":"https:\/\/api.w.org\/{rel}","templated":true}]}}